{"id":2005,"date":"2024-02-14T16:27:39","date_gmt":"2024-02-14T15:27:39","guid":{"rendered":"https:\/\/mehrin.web-lab.cz\/?page_id=2005"},"modified":"2026-03-07T20:00:30","modified_gmt":"2026-03-07T19:00:30","slug":"podporte-projekt-mehrin","status":"publish","type":"page","link":"https:\/\/mehrin.cz\/ru\/podporte-projekt-mehrin\/","title":{"rendered":"\u041f\u043e\u0434\u0434\u0435\u0440\u0436\u0438\u0442\u0435 \u043f\u0440\u043e\u0435\u043a\u0442 Mehrin"},"content":{"rendered":"\t\t<div data-elementor-type=\"wp-page\" data-elementor-id=\"2005\" class=\"elementor elementor-2005\" data-elementor-settings=\"{&quot;ha_cmc_init_switcher&quot;:&quot;no&quot;}\" data-elementor-post-type=\"page\">\n\t\t\t\t<div class=\"elementor-element elementor-element-367d174 e-flex e-con-boxed e-con e-parent\" data-id=\"367d174\" data-element_type=\"container\" data-e-type=\"container\" data-settings=\"{&quot;_ha_eqh_enable&quot;:false}\">\n\t\t\t\t\t<div class=\"e-con-inner\">\n\t\t<div class=\"elementor-element elementor-element-165efd7 e-flex e-con-boxed e-con e-child\" data-id=\"165efd7\" data-element_type=\"container\" data-e-type=\"container\" data-settings=\"{&quot;_ha_eqh_enable&quot;:false}\">\n\t\t\t\t\t<div class=\"e-con-inner\">\n\t\t<div class=\"elementor-element elementor-element-96ce0fe e-flex e-con-boxed e-con e-child\" data-id=\"96ce0fe\" data-element_type=\"container\" data-e-type=\"container\" data-settings=\"{&quot;_ha_eqh_enable&quot;:false}\">\n\t\t\t\t\t<div class=\"e-con-inner\">\n\t\t\t\t<div class=\"elementor-element elementor-element-8e0cafc elementor-widget elementor-widget-heading\" data-id=\"8e0cafc\" data-element_type=\"widget\" data-e-type=\"widget\" data-widget_type=\"heading.default\">\n\t\t\t\t<div class=\"elementor-widget-container\">\n\t\t\t\t\t<h2 class=\"elementor-heading-title elementor-size-default\">Podpo\u0159te projekt MEHRIN<\/h2>\t\t\t\t<\/div>\n\t\t\t\t<\/div>\n\t\t\t\t<div class=\"elementor-element elementor-element-632d0e8 elementor-widget elementor-widget-text-editor\" data-id=\"632d0e8\" data-element_type=\"widget\" data-e-type=\"widget\" data-widget_type=\"text-editor.default\">\n\t\t\t\t<div class=\"elementor-widget-container\">\n\t\t\t\t\t\t\t\t\t<ul><li>5000 K\u010d pom\u016f\u017ee nakupovat nov\u00e9 sb\u00edrkov\u00e9 p\u0159edm\u011bty do \u017eidovsk\u00e9ho muzea<\/li><li>1000 K\u010d pom\u016f\u017ee nakladatelstv\u00ed Mehrin vyd\u00e1vat knihy mapuj\u00edc\u00ed osudy moravsk\u00fdch \u017eid\u016f<\/li><li>500 K\u010d pom\u016f\u017ee na\u0161im extern\u00edm spolupracovn\u00edk\u016fm p\u0159ipravovat atraktivn\u00ed v\u00fdstavy a dal\u0161\u00ed akce<\/li><li>100 K\u010d pom\u016f\u017ee udr\u017eet vstupn\u00e9 do \u017eidovsk\u00e9ho muzea na symbolick\u00e9 \u00farovni<p>Projekt vznik\u00e1 za podpory dobrovoln\u00fdch d\u00e1rc\u016f, k nim\u017e se m\u016f\u017eete p\u0159idat i Vy! D\u011bkujeme!<\/p><\/li><\/ul>\t\t\t\t\t\t\t\t<\/div>\n\t\t\t\t<\/div>\n\t\t\t\t<div class=\"elementor-element elementor-element-6a0dcc9 elementor-widget elementor-widget-heading\" data-id=\"6a0dcc9\" data-element_type=\"widget\" data-e-type=\"widget\" id=\"chci-podporit-pomoci\" data-widget_type=\"heading.default\">\n\t\t\t\t<div class=\"elementor-widget-container\">\n\t\t\t\t\t<h2 class=\"elementor-heading-title elementor-size-default\">Chci podpo\u0159it pomoc\u00ed:<\/h2>\t\t\t\t<\/div>\n\t\t\t\t<\/div>\n\t\t\t\t\t<\/div>\n\t\t\t\t<\/div>\n\t\t<div class=\"elementor-element elementor-element-5f40215 e-flex e-con-boxed e-con e-child\" data-id=\"5f40215\" data-element_type=\"container\" data-e-type=\"container\" data-settings=\"{&quot;_ha_eqh_enable&quot;:false}\">\n\t\t\t\t\t<div class=\"e-con-inner\">\n\t\t\t\t<div class=\"elementor-element elementor-element-36d8632 qr-btn elementor-widget elementor-widget-button\" data-id=\"36d8632\" data-element_type=\"widget\" data-e-type=\"widget\" id=\"qr-btn\" data-widget_type=\"button.default\">\n\t\t\t\t<div class=\"elementor-widget-container\">\n\t\t\t\t\t\t\t\t\t<div class=\"elementor-button-wrapper\">\n\t\t\t\t\t<a class=\"elementor-button elementor-button-link elementor-size-sm\" href=\"#\">\n\t\t\t\t\t\t<span class=\"elementor-button-content-wrapper\">\n\t\t\t\t\t\t\t\t\t<span class=\"elementor-button-text\">QR K\u00f3du<\/span>\n\t\t\t\t\t<\/span>\n\t\t\t\t\t<\/a>\n\t\t\t\t<\/div>\n\t\t\t\t\t\t\t\t<\/div>\n\t\t\t\t<\/div>\n\t\t\t\t<div class=\"elementor-element elementor-element-fa29130 ucet-btn elementor-widget elementor-widget-button\" data-id=\"fa29130\" data-element_type=\"widget\" data-e-type=\"widget\" id=\"ucet-btn\" data-widget_type=\"button.default\">\n\t\t\t\t<div class=\"elementor-widget-container\">\n\t\t\t\t\t\t\t\t\t<div class=\"elementor-button-wrapper\">\n\t\t\t\t\t<a class=\"elementor-button elementor-button-link elementor-size-sm\" href=\"#\">\n\t\t\t\t\t\t<span class=\"elementor-button-content-wrapper\">\n\t\t\t\t\t\t\t\t\t<span class=\"elementor-button-text\">P\u0159evodu na \u00fa\u010det<\/span>\n\t\t\t\t\t<\/span>\n\t\t\t\t\t<\/a>\n\t\t\t\t<\/div>\n\t\t\t\t\t\t\t\t<\/div>\n\t\t\t\t<\/div>\n\t\t\t\t\t<\/div>\n\t\t\t\t<\/div>\n\t\t\t\t\t<\/div>\n\t\t\t\t<\/div>\n\t\t<div class=\"elementor-element elementor-element-3b26497 qr-container e-flex e-con-boxed e-con e-child\" data-id=\"3b26497\" data-element_type=\"container\" data-e-type=\"container\" id=\"qr-container\" data-settings=\"{&quot;_ha_eqh_enable&quot;:false}\">\n\t\t\t\t\t<div class=\"e-con-inner\">\n\t\t\t\t<div class=\"elementor-element elementor-element-b7543ee elementor-widget elementor-widget-image\" data-id=\"b7543ee\" data-element_type=\"widget\" data-e-type=\"widget\" data-widget_type=\"image.default\">\n\t\t\t\t<div class=\"elementor-widget-container\">\n\t\t\t\t\t\t\t\t\t\t\t\t\t\t\t<img fetchpriority=\"high\" decoding=\"async\" width=\"512\" height=\"512\" src=\"https:\/\/mehrin.cz\/wp-content\/uploads\/2024\/01\/QR-code_VerSb-NF-MEHRIN-1.png\" class=\"attachment-large size-large wp-image-738\" alt=\"\" srcset=\"https:\/\/mehrin.cz\/wp-content\/uploads\/2024\/01\/QR-code_VerSb-NF-MEHRIN-1.png 512w, https:\/\/mehrin.cz\/wp-content\/uploads\/2024\/01\/QR-code_VerSb-NF-MEHRIN-1-300x300.png 300w, https:\/\/mehrin.cz\/wp-content\/uploads\/2024\/01\/QR-code_VerSb-NF-MEHRIN-1-100x100.png 100w, https:\/\/mehrin.cz\/wp-content\/uploads\/2024\/01\/QR-code_VerSb-NF-MEHRIN-1-150x150.png 150w, https:\/\/mehrin.cz\/wp-content\/uploads\/2024\/01\/QR-code_VerSb-NF-MEHRIN-1-12x12.png 12w\" sizes=\"(max-width: 512px) 100vw, 512px\" \/>\t\t\t\t\t\t\t\t\t\t\t\t\t\t\t<\/div>\n\t\t\t\t<\/div>\n\t\t\t\t<div class=\"elementor-element elementor-element-f1a2c6f elementor-widget elementor-widget-text-editor\" data-id=\"f1a2c6f\" data-element_type=\"widget\" data-e-type=\"widget\" data-widget_type=\"text-editor.default\">\n\t\t\t\t<div class=\"elementor-widget-container\">\n\t\t\t\t\t\t\t\t\t<p>D\u011bkujeme za podporu!<\/p>\t\t\t\t\t\t\t\t<\/div>\n\t\t\t\t<\/div>\n\t\t\t\t\t<\/div>\n\t\t\t\t<\/div>\n\t\t<div class=\"elementor-element elementor-element-0200925 ucet-container e-flex e-con-boxed e-con e-child\" data-id=\"0200925\" data-element_type=\"container\" data-e-type=\"container\" data-settings=\"{&quot;_ha_eqh_enable&quot;:false}\">\n\t\t\t\t\t<div class=\"e-con-inner\">\n\t\t\t\t<div class=\"elementor-element elementor-element-780f0e5 elementor-widget elementor-widget-heading\" data-id=\"780f0e5\" data-element_type=\"widget\" data-e-type=\"widget\" data-widget_type=\"heading.default\">\n\t\t\t\t<div class=\"elementor-widget-container\">\n\t\t\t\t\t<h2 class=\"elementor-heading-title elementor-size-default\">2402615824\/2010<\/h2>\t\t\t\t<\/div>\n\t\t\t\t<\/div>\n\t\t\t\t<div class=\"elementor-element elementor-element-8b2dd9e elementor-widget elementor-widget-text-editor\" data-id=\"8b2dd9e\" data-element_type=\"widget\" data-e-type=\"widget\" data-widget_type=\"text-editor.default\">\n\t\t\t\t<div class=\"elementor-widget-container\">\n\t\t\t\t\t\t\t\t\t<p>D\u011bkujeme za podporu!<\/p>\t\t\t\t\t\t\t\t<\/div>\n\t\t\t\t<\/div>\n\t\t\t\t\t<\/div>\n\t\t\t\t<\/div>\n\t\t\t\t<div class=\"elementor-element elementor-element-e0b6ccf elementor-widget elementor-widget-html\" data-id=\"e0b6ccf\" data-element_type=\"widget\" data-e-type=\"widget\" data-widget_type=\"html.default\">\n\t\t\t\t<div class=\"elementor-widget-container\">\n\t\t\t\t\t<script src=\"https:\/\/ajax.googleapis.com\/ajax\/libs\/jquery\/3.5.1\/jquery.min.js\"><\/script>\n\n<script>\n    const $ = jQuery;\n    \/\/ Button Variables\n    \n    const qrBtn = $('#qr-btn');\n    const ucetBtn = $('#ucet-btn');\n    \n    \/\/ Container Variables\n   \n    const qrBox = $('.qr-container');\n    const ucetBox = $('.ucet-container');\n\n    \/\/ Show the great form and hide the rating container\n    qrBtn.click(() => {\n        qrBox.show();\n        $([document.documentElement, document.body]).animate({\n        scrollTop: $(\"#chci-podporit-pomoci\").offset().top\n    }, 1000);\n        ucetBox.hide();\n    });\n\n    \/\/ Show the bad form and hide the rating container\n      ucetBtn.click(() => {\n        ucetBox.show();\n        $([document.documentElement, document.body]).animate({\n        scrollTop: $(\"#chci-podporit-pomoci\").offset().top\n    }, 1000);\n        qrBox.hide();\n    })\n\n<\/script>\t\t\t\t<\/div>\n\t\t\t\t<\/div>\n\t\t\t\t\t<\/div>\n\t\t\t\t<\/div>\n\t\t<div class=\"elementor-element elementor-element-869424b e-flex e-con-boxed e-con e-parent\" data-id=\"869424b\" data-element_type=\"container\" data-e-type=\"container\" data-settings=\"{&quot;_ha_eqh_enable&quot;:false}\">\n\t\t\t\t\t<div class=\"e-con-inner\">\n\t\t\t\t<div class=\"elementor-element elementor-element-1ef7f6b elementor-widget elementor-widget-html\" data-id=\"1ef7f6b\" data-element_type=\"widget\" data-e-type=\"widget\" data-widget_type=\"html.default\">\n\t\t\t\t<div class=\"elementor-widget-container\">\n\t\t\t\t\t<!--\r\n<script>\r\n    $(document).ready(function(){\r\n        $(\"#qr-btn\").click(function(){\r\n            $(\"#qr-container\").show();\r\n        });\r\n    });\r\n<\/script>-->\r\n\t\t\t\t<\/div>\n\t\t\t\t<\/div>\n\t\t\t\t\t<\/div>\n\t\t\t\t<\/div>\n\t\t\t\t<\/div>\n\t\t","protected":false},"excerpt":{"rendered":"<p>Podpo\u0159te projekt MEHRIN 5000 K\u010d pom\u016f\u017ee nakupovat nov\u00e9 sb\u00edrkov\u00e9 p\u0159edm\u011bty do \u017eidovsk\u00e9ho muzea 1000 K\u010d pom\u016f\u017ee nakladatelstv\u00ed Mehrin vyd\u00e1vat knihy mapuj\u00edc\u00ed osudy moravsk\u00fdch \u017eid\u016f 500 K\u010d pom\u016f\u017ee na\u0161im extern\u00edm spolupracovn\u00edk\u016fm p\u0159ipravovat atraktivn\u00ed v\u00fdstavy a dal\u0161\u00ed akce 100 K\u010d pom\u016f\u017ee udr\u017eet vstupn\u00e9 do \u017eidovsk\u00e9ho muzea na symbolick\u00e9 \u00farovni Projekt vznik\u00e1 za podpory dobrovoln\u00fdch d\u00e1rc\u016f, k nim\u017e [&hellip;]<\/p>\n","protected":false},"author":1,"featured_media":0,"parent":0,"menu_order":0,"comment_status":"closed","ping_status":"closed","template":"elementor_header_footer","meta":{"footnotes":""},"class_list":["post-2005","page","type-page","status-publish","hentry"],"_links":{"self":[{"href":"https:\/\/mehrin.cz\/ru\/wp-json\/wp\/v2\/pages\/2005","targetHints":{"allow":["GET"]}}],"collection":[{"href":"https:\/\/mehrin.cz\/ru\/wp-json\/wp\/v2\/pages"}],"about":[{"href":"https:\/\/mehrin.cz\/ru\/wp-json\/wp\/v2\/types\/page"}],"author":[{"embeddable":true,"href":"https:\/\/mehrin.cz\/ru\/wp-json\/wp\/v2\/users\/1"}],"replies":[{"embeddable":true,"href":"https:\/\/mehrin.cz\/ru\/wp-json\/wp\/v2\/comments?post=2005"}],"version-history":[{"count":94,"href":"https:\/\/mehrin.cz\/ru\/wp-json\/wp\/v2\/pages\/2005\/revisions"}],"predecessor-version":[{"id":2547,"href":"https:\/\/mehrin.cz\/ru\/wp-json\/wp\/v2\/pages\/2005\/revisions\/2547"}],"wp:attachment":[{"href":"https:\/\/mehrin.cz\/ru\/wp-json\/wp\/v2\/media?parent=2005"}],"curies":[{"name":"wp","href":"https:\/\/api.w.org\/{rel}","templated":true}]}}